{"id":8,"date":"2023-09-08T07:35:47","date_gmt":"2023-09-08T07:35:47","guid":{"rendered":"https:\/\/arash-abdi.com\/?page_id=8"},"modified":"2024-10-23T06:40:46","modified_gmt":"2024-10-23T06:40:46","slug":"arash-sharifzadeh-abdi","status":"publish","type":"page","link":"https:\/\/arashabdi.com\/","title":{"rendered":"ARASH SHARIFZADEH ABDI"},"content":{"rendered":"<div class=\"wp-block-image\">\n<figure class=\"aligncenter size-large\"><img loading=\"lazy\" decoding=\"async\" width=\"1024\" height=\"616\" src=\"https:\/\/arash-abdi.com\/wp-content\/uploads\/2024\/02\/arash-portraet-1024x616.jpg\" alt=\"\" class=\"wp-image-133\" srcset=\"https:\/\/arashabdi.com\/wp-content\/uploads\/2024\/02\/arash-portraet-1024x616.jpg 1024w, https:\/\/arashabdi.com\/wp-content\/uploads\/2024\/02\/arash-portraet-300x180.jpg 300w, https:\/\/arashabdi.com\/wp-content\/uploads\/2024\/02\/arash-portraet-768x462.jpg 768w, https:\/\/arashabdi.com\/wp-content\/uploads\/2024\/02\/arash-portraet-1536x924.jpg 1536w, https:\/\/arashabdi.com\/wp-content\/uploads\/2024\/02\/arash-portraet.jpg 1920w\" sizes=\"auto, (max-width: 1024px) 100vw, 1024px\" \/><figcaption class=\"wp-element-caption\"><strong>Arash Sharifzadeh Abdi<\/strong>, f\u00f8dt i 1972, er en dansk-iransk poet, forfatter og overs\u00e6tter. Som flygtning kom han sammen med sin familie til DK tilbage i 1984 og har en bachelorgrad i persisk fra K\u00f8benhavns Universitet.<\/figcaption><\/figure>\n<\/div>\n\n\n<p class=\"has-seventy-black-color has-text-color\">Med over 20 \u00e5rs erfaring som statsautoriseret tolk er jeg dedikeret til at levere professionelle overs\u00e6ttelser mellem farsi, dari, dansk og engelsk. Uanset om du har behov for overs\u00e6ttelse af litter\u00e6re v\u00e6rker, tekniske beskrivelser, retsdokumenter eller som bisidder, kan du regne med min ekspertise og omhyggelige h\u00e5ndtering.<br>L\u00e6s mere <a href=\"https:\/\/arashabdi.com\/index.php\/tolkning\/\">her<\/a>.<br><br>Igennem \u00e5rene har jeg udgivet b\u00f8ger og digtsamlinger p\u00e5 det anmelderroste forlag, Det Poetiske Bureau. Min sidste\u00a0digtsamling MANDDOM,\u00a0maler poetiske aspekter af den evige mand med b\u00e5de bred og sikker pensel uden at forglemme kvinden, det perfekte menneske. St\u00f8ttet af Statens Kunstfond. <br>L\u00e6s mere <a href=\"https:\/\/arashabdi.com\/index.php\/bogudgivelser\/\">her<\/a>.<\/p>\n\n\n\n<p class=\"has-black-color has-text-color has-normal-font-size\"><br><strong>Arash Sharifzadeh Abdi<\/strong><br>Digter, overs\u00e6tter og forfatter<br><strong><br><\/strong>Statsautoriseret tolk i farsi, dari &amp; engelsk<br>Prinsesse Charlotte Gade 23, st. tv.<br>2200 K\u00f8benhavn<br>Danmark<br>Phone: +4526213565<br>Email: admin@arashabdi.com<br>Cvr. 33334699<br><br><br><br><br><br><br><br><br><br><br><br><br><br><br><br><br><br><br><br><br><br><br><br><br><br><br><br><br>..<\/p>\n","protected":false},"excerpt":{"rendered":"<p>Med over 20 \u00e5rs erfaring som statsautoriseret tolk er jeg dedikeret til at levere professionelle overs\u00e6ttelser mellem farsi, dari, dansk og engelsk. Uanset om du har behov for overs\u00e6ttelse af<\/p>\n<p class=\"more-link\"><a href=\"https:\/\/arashabdi.com\/\" class=\"readmore\">Read More<svg class=\"icon icon-angle-right\" aria-hidden=\"true\" role=\"img\"> <use href=\"#icon-angle-right\" xlink:href=\"#icon-angle-right\"><\/use> <\/svg><span class=\"screen-reader-text\">ARASH SHARIFZADEH ABDI<\/span><\/a><\/p>\n","protected":false},"author":1,"featured_media":133,"parent":0,"menu_order":0,"comment_status":"closed","ping_status":"closed","template":"","meta":{"footnotes":""},"class_list":["post-8","page","type-page","status-publish","has-post-thumbnail","hentry"],"_links":{"self":[{"href":"https:\/\/arashabdi.com\/index.php\/wp-json\/wp\/v2\/pages\/8","targetHints":{"allow":["GET"]}}],"collection":[{"href":"https:\/\/arashabdi.com\/index.php\/wp-json\/wp\/v2\/pages"}],"about":[{"href":"https:\/\/arashabdi.com\/index.php\/wp-json\/wp\/v2\/types\/page"}],"author":[{"embeddable":true,"href":"https:\/\/arashabdi.com\/index.php\/wp-json\/wp\/v2\/users\/1"}],"replies":[{"embeddable":true,"href":"https:\/\/arashabdi.com\/index.php\/wp-json\/wp\/v2\/comments?post=8"}],"version-history":[{"count":40,"href":"https:\/\/arashabdi.com\/index.php\/wp-json\/wp\/v2\/pages\/8\/revisions"}],"predecessor-version":[{"id":240,"href":"https:\/\/arashabdi.com\/index.php\/wp-json\/wp\/v2\/pages\/8\/revisions\/240"}],"wp:featuredmedia":[{"embeddable":true,"href":"https:\/\/arashabdi.com\/index.php\/wp-json\/wp\/v2\/media\/133"}],"wp:attachment":[{"href":"https:\/\/arashabdi.com\/index.php\/wp-json\/wp\/v2\/media?parent=8"}],"curies":[{"name":"wp","href":"https:\/\/api.w.org\/{rel}","templated":true}]}}