{"id":70,"date":"2023-09-12T17:27:27","date_gmt":"2023-09-12T17:27:27","guid":{"rendered":"https:\/\/arash-abdi.com\/?page_id=70"},"modified":"2024-10-22T16:08:03","modified_gmt":"2024-10-22T16:08:03","slug":"foredrag","status":"publish","type":"page","link":"https:\/\/arashabdi.com\/index.php\/foredrag\/","title":{"rendered":"FOREDRAG"},"content":{"rendered":"\n<p class=\"has-seventy-black-color has-text-color\">Forel\u00e6sning og undervisning p\u00e5 skoler, museer og foreninger m.m.<\/p>\n\n\n\n<p class=\"has-seventy-black-color has-text-color\">Med v\u00e6gt p\u00e5 vores sproglige og historiske kulturarv introducerer Arash p\u00e5 futhark-alfabetet samt runedigtene fra middelalderen. Enkelte etymologier til runetegnene analyseres tilbage til den indo-europ\u00e6iske sprogstamme, der i d\u00e6kker fra island og den engelsksprogede verden til Indiens endu blomstrene kultur.<\/p>\n\n\n\n<figure class=\"wp-block-image size-large\"><img loading=\"lazy\" decoding=\"async\" width=\"744\" height=\"1024\" src=\"https:\/\/arashabdi.com\/wp-content\/uploads\/2023\/09\/forside-744x1024.jpg\" alt=\"\" class=\"wp-image-50\" srcset=\"https:\/\/arashabdi.com\/wp-content\/uploads\/2023\/09\/forside-744x1024.jpg 744w, https:\/\/arashabdi.com\/wp-content\/uploads\/2023\/09\/forside-218x300.jpg 218w, https:\/\/arashabdi.com\/wp-content\/uploads\/2023\/09\/forside-768x1057.jpg 768w, https:\/\/arashabdi.com\/wp-content\/uploads\/2023\/09\/forside.jpg 944w\" sizes=\"auto, (max-width: 744px) 100vw, 744px\" \/><\/figure>\n\n\n\n<p class=\"has-seventy-black-color has-text-color\">Historisk og sproglige introduktion<br>Skrive\u00f8velse af 4 vers om et runetegn<br>Opl\u00e6sning af vers<br>Analyse samt meningen med runen i den nordiske mytologi<\/p>\n\n\n\n<p class=\"has-seventy-black-color has-text-color\">Pris:<br>Sj\u00e6lland 4500 kr. plus moms<br>Resten af landet 5500 kr. plus moms<br><br>II. Versskrivning og opl\u00e6sning, skoleundervisning p\u00e5 gymnasialt niveau samt for de \u00e6ldste folkeskoleklasser<\/p>\n\n\n\n<p class=\"has-seventy-black-color has-text-color\">Versskrivning og l\u00e6sning af ny og klassisk dansk poesi<br>Opl\u00e6sning af elevernes vers<br>Analyse og samtale<\/p>\n\n\n\n<p class=\"has-seventy-black-color has-text-color\">Pris:<br>Sj\u00e6lland 4500 kr. plus moms<br>Resten af landet 5500 kr. plus moms<\/p>\n\n\n\n<p class=\"has-seventy-black-color has-text-color\">III. Opl\u00e6sning &#8211; du\/vi v\u00e6lger emnet og digteren l\u00e6ser lyrikken<\/p>\n\n\n\n<p class=\"has-seventy-black-color has-text-color\">Dansk<br>Persisk (farsi\/dari)<br>Overs\u00e6ttelse og gendigtning p\u00e5 dansk og persisk<\/p>\n\n\n\n<p class=\"has-seventy-black-color has-text-color\">Pris:<br>Sj\u00e6lland 3000 kr. plus moms<br>Resten af landet 3500 kr. plus moms<\/p>\n\n\n\n<figure class=\"wp-block-image size-full\"><img loading=\"lazy\" decoding=\"async\" width=\"720\" height=\"904\" src=\"https:\/\/arash-abdi.com\/wp-content\/uploads\/2023\/09\/Arash-Sharifzadeh-Abdi.jpg\" alt=\"\" class=\"wp-image-86\" srcset=\"https:\/\/arashabdi.com\/wp-content\/uploads\/2023\/09\/Arash-Sharifzadeh-Abdi.jpg 720w, https:\/\/arashabdi.com\/wp-content\/uploads\/2023\/09\/Arash-Sharifzadeh-Abdi-239x300.jpg 239w\" sizes=\"auto, (max-width: 720px) 100vw, 720px\" \/><\/figure>\n","protected":false},"excerpt":{"rendered":"<p>Forel\u00e6sning og undervisning p\u00e5 skoler, museer og foreninger m.m. Med v\u00e6gt p\u00e5 vores sproglige og historiske kulturarv introducerer Arash p\u00e5 futhark-alfabetet samt runedigtene fra middelalderen. Enkelte etymologier til runetegnene analyseres<\/p>\n<p class=\"more-link\"><a href=\"https:\/\/arashabdi.com\/index.php\/foredrag\/\" class=\"readmore\">Read More<svg class=\"icon icon-angle-right\" aria-hidden=\"true\" role=\"img\"> <use href=\"#icon-angle-right\" xlink:href=\"#icon-angle-right\"><\/use> <\/svg><span class=\"screen-reader-text\">FOREDRAG<\/span><\/a><\/p>\n","protected":false},"author":1,"featured_media":0,"parent":0,"menu_order":0,"comment_status":"closed","ping_status":"closed","template":"","meta":{"footnotes":""},"class_list":["post-70","page","type-page","status-publish","hentry"],"_links":{"self":[{"href":"https:\/\/arashabdi.com\/index.php\/wp-json\/wp\/v2\/pages\/70","targetHints":{"allow":["GET"]}}],"collection":[{"href":"https:\/\/arashabdi.com\/index.php\/wp-json\/wp\/v2\/pages"}],"about":[{"href":"https:\/\/arashabdi.com\/index.php\/wp-json\/wp\/v2\/types\/page"}],"author":[{"embeddable":true,"href":"https:\/\/arashabdi.com\/index.php\/wp-json\/wp\/v2\/users\/1"}],"replies":[{"embeddable":true,"href":"https:\/\/arashabdi.com\/index.php\/wp-json\/wp\/v2\/comments?post=70"}],"version-history":[{"count":11,"href":"https:\/\/arashabdi.com\/index.php\/wp-json\/wp\/v2\/pages\/70\/revisions"}],"predecessor-version":[{"id":231,"href":"https:\/\/arashabdi.com\/index.php\/wp-json\/wp\/v2\/pages\/70\/revisions\/231"}],"wp:attachment":[{"href":"https:\/\/arashabdi.com\/index.php\/wp-json\/wp\/v2\/media?parent=70"}],"curies":[{"name":"wp","href":"https:\/\/api.w.org\/{rel}","templated":true}]}}