{"id":22,"date":"2023-09-12T15:42:16","date_gmt":"2023-09-12T15:42:16","guid":{"rendered":"https:\/\/arash-abdi.com\/?page_id=22"},"modified":"2024-10-22T16:09:54","modified_gmt":"2024-10-22T16:09:54","slug":"om-arash","status":"publish","type":"page","link":"https:\/\/arashabdi.com\/index.php\/om-arash\/","title":{"rendered":"OM ARASH"},"content":{"rendered":"\n<p class=\"has-seventy-black-color has-text-color\"><strong>Arash Sharifzadeh Abdi<\/strong>, f\u00f8dt i 1972, er en dansk-iransk poet, forfatter og overs\u00e6tter. Som flygtning kom han sammen med sin familie til DK i 1984. Hans hovedinteresser er mytologi, poesi, musik og mystik. Ved afslutning af sin bachelorgrad i persisk fra K\u00f8benhavns Universitet begyndte han at udgive sit arbejde, der bl.a. indeholder digte p\u00e5 b\u00e5de farsi og dansk, noveller og et par faglitter\u00e6re v\u00e6rker, samt gendigtninger af klassisk persisk poesi.<\/p>\n\n\n\n<figure class=\"wp-block-image size-full\"><img loading=\"lazy\" decoding=\"async\" width=\"750\" height=\"994\" src=\"https:\/\/arash-abdi.com\/wp-content\/uploads\/2023\/09\/Arash_Mor.jpg\" alt=\"\" class=\"wp-image-66\" srcset=\"https:\/\/arashabdi.com\/wp-content\/uploads\/2023\/09\/Arash_Mor.jpg 750w, https:\/\/arashabdi.com\/wp-content\/uploads\/2023\/09\/Arash_Mor-226x300.jpg 226w\" sizes=\"auto, (max-width: 750px) 100vw, 750px\" \/><\/figure>\n\n\n\n<p>Da han ikke kunne udgive sin poesi i Iran, skriver han i dag mere p\u00e5 dansk, hvor han har v\u00e6ret meget aktiv i det k\u00f8benhavnske undergrundsmilj\u00f8 for poesi gennem de sidste mange \u00e5r. Denne rytmiske digter udtrykte sig for alvor i sin <em>Kvasidansk \u2013 nye digte p\u00e5 gamle flasker<\/em>, fra 2009, hyldet af Lars Bukdahl i en anmeldelse fra Weekendavisen. I juni 2012 udkom hans n\u00e6ste og syvende selvst\u00e6ndige udgivelse i form af en ny digtsamling, <em>Digerpapeg\u00f8jens sang<\/em>, som endnu engang virker som et projekt p\u00e5 poesiens uransagelige veje, der bibringer det danske sproglige blomster fra et multietnisk h\u00f8jkulturelt menneskesind. I <em>Sange til Freja <\/em>fra 2015 omkredser digteren nordisk mytologi i form af k\u00e6rlighedsdigte. Forfatterens interesse for sprog og etymologier, is\u00e6r inden for den indoeurop\u00e6iske sprogfamilie, har resulteret i <em>Runedigte<\/em> fra 2018, en hybrid imellem fagbog og poesi, hvori man b\u00e5de kan l\u00e6se islandske s\u00e5som digterens egne digte for hvert runetegn i futhark-alfabetet. Den mest l\u00e6ste persiske digter H\u00e2fez er denne digters n\u00e6ste gendigtningsprojekt p\u00e5 dansk, der ind til videre er sat til at udkomme i 2020. Ud over kunstinteresserne arbejder forfatteren ogs\u00e5 med statsautoriseret tolkning og overs\u00e6ttelse i bl.a. asylsager m.m.&nbsp;<\/p>\n\n\n\n<figure class=\"wp-block-image size-large\"><img loading=\"lazy\" decoding=\"async\" width=\"860\" height=\"1024\" src=\"https:\/\/arash-abdi.com\/wp-content\/uploads\/2023\/09\/Arash-Poetisk-Bureau-16-11-10-3-860x1024.jpg\" alt=\"\" class=\"wp-image-64\" srcset=\"https:\/\/arashabdi.com\/wp-content\/uploads\/2023\/09\/Arash-Poetisk-Bureau-16-11-10-3-860x1024.jpg 860w, https:\/\/arashabdi.com\/wp-content\/uploads\/2023\/09\/Arash-Poetisk-Bureau-16-11-10-3-252x300.jpg 252w, https:\/\/arashabdi.com\/wp-content\/uploads\/2023\/09\/Arash-Poetisk-Bureau-16-11-10-3-768x915.jpg 768w, https:\/\/arashabdi.com\/wp-content\/uploads\/2023\/09\/Arash-Poetisk-Bureau-16-11-10-3.jpg 1183w\" sizes=\"auto, (max-width: 860px) 100vw, 860px\" \/><\/figure>\n","protected":false},"excerpt":{"rendered":"<p>Arash Sharifzadeh Abdi, f\u00f8dt i 1972, er en dansk-iransk poet, forfatter og overs\u00e6tter. Som flygtning kom han sammen med sin familie til DK i 1984. Hans hovedinteresser er mytologi, poesi,<\/p>\n<p class=\"more-link\"><a href=\"https:\/\/arashabdi.com\/index.php\/om-arash\/\" class=\"readmore\">Read More<svg class=\"icon icon-angle-right\" aria-hidden=\"true\" role=\"img\"> <use href=\"#icon-angle-right\" xlink:href=\"#icon-angle-right\"><\/use> <\/svg><span class=\"screen-reader-text\">OM ARASH<\/span><\/a><\/p>\n","protected":false},"author":1,"featured_media":0,"parent":0,"menu_order":0,"comment_status":"closed","ping_status":"closed","template":"","meta":{"footnotes":""},"class_list":["post-22","page","type-page","status-publish","hentry"],"_links":{"self":[{"href":"https:\/\/arashabdi.com\/index.php\/wp-json\/wp\/v2\/pages\/22","targetHints":{"allow":["GET"]}}],"collection":[{"href":"https:\/\/arashabdi.com\/index.php\/wp-json\/wp\/v2\/pages"}],"about":[{"href":"https:\/\/arashabdi.com\/index.php\/wp-json\/wp\/v2\/types\/page"}],"author":[{"embeddable":true,"href":"https:\/\/arashabdi.com\/index.php\/wp-json\/wp\/v2\/users\/1"}],"replies":[{"embeddable":true,"href":"https:\/\/arashabdi.com\/index.php\/wp-json\/wp\/v2\/comments?post=22"}],"version-history":[{"count":5,"href":"https:\/\/arashabdi.com\/index.php\/wp-json\/wp\/v2\/pages\/22\/revisions"}],"predecessor-version":[{"id":233,"href":"https:\/\/arashabdi.com\/index.php\/wp-json\/wp\/v2\/pages\/22\/revisions\/233"}],"wp:attachment":[{"href":"https:\/\/arashabdi.com\/index.php\/wp-json\/wp\/v2\/media?parent=22"}],"curies":[{"name":"wp","href":"https:\/\/api.w.org\/{rel}","templated":true}]}}